{"id":178,"date":"2026-03-24T10:57:30","date_gmt":"2026-03-24T10:57:30","guid":{"rendered":"https:\/\/srv92108.seohost.com.pl\/yournewhome\/?page_id=178"},"modified":"2026-03-24T11:43:05","modified_gmt":"2026-03-24T11:43:05","slug":"zakup-gruntow","status":"publish","type":"page","link":"https:\/\/srv92108.seohost.com.pl\/yournewhome\/zakup-gruntow\/","title":{"rendered":"Zakup grunt\u00f3w"},"content":{"rendered":"\n<h2 class=\"wp-block-heading\">Interesuje nas zakup grunt\u00f3w z przeznaczeniem pod przysz\u0142e inwestycje.<\/h2>\n\n\n<section class=\"image-textbox-section\">\r\n            <div class=\"container relative\" style=\"background-image: url('https:\/\/srv92108.seohost.com.pl\/yournewhome\/wp-content\/uploads\/2026\/03\/textbox-bg.png')\">\r\n            <div class=\"image-textbox-section__wrapper\">\r\n                <div class=\"box relative\">\r\n                    <div class=\"box-content\">\r\n                                                    <h2>Poszukujemy dzia\u0142ek budowlanych o r\u00f3\u017cnej powierzchni, odpowiednich zar\u00f3wno pod zabudow\u0119 mieszkaniow\u0105, jak i komercyjn\u0105. <\/h2>\r\n                                                                            <div class=\"wysiwyg\"><p>Jeste\u015bmy otwarci na wsp\u00f3\u0142prac\u0119 z w\u0142a\u015bcicielami nieruchomo\u015bci i elastyczni w podej\u015bciu do warunk\u00f3w transakcji. Je\u015bli posiadasz dzia\u0142k\u0119 i rozwa\u017casz jej sprzeda\u017c, skontaktuj si\u0119 z nami. Ch\u0119tnie om\u00f3wimy szczeg\u00f3\u0142y i przedstawimy nasz\u0105 ofert\u0119, aby wsp\u00f3lnie stworzy\u0107 solidne podstawy dla nowej inwestycji.<\/p>\n<\/div>\r\n                                                                            <a href=\"https:\/\/srv92108.seohost.com.pl\/yournewhome\/kontakt\/\"\r\n                               class=\"btn btn-primary\"\r\n                                    >\r\n                                Skontaktuj si\u0119 z nami                            <\/a>\r\n                                            <\/div>\r\n                                            <div class=\"box-decor-img\">\r\n                            <img decoding=\"async\" width=\"300\" height=\"228\" src=\"https:\/\/srv92108.seohost.com.pl\/yournewhome\/wp-content\/uploads\/2026\/03\/textbox-decor-300x228.png\" class=\"attachment-medium size-medium\" alt=\"textbox-decor\" loading=\"lazy\" srcset=\"https:\/\/srv92108.seohost.com.pl\/yournewhome\/wp-content\/uploads\/2026\/03\/textbox-decor-300x228.png 300w, https:\/\/srv92108.seohost.com.pl\/yournewhome\/wp-content\/uploads\/2026\/03\/textbox-decor.png 743w\" sizes=\"auto, (max-width: 300px) 100vw, 300px\" \/>                        <\/div>\r\n                                    <\/div>\r\n            <\/div>\r\n        <\/div>\r\n    <\/section>\r\n","protected":false},"excerpt":{"rendered":"<p>Interesuje nas zakup grunt\u00f3w z przeznaczeniem pod przysz\u0142e inwestycje.<\/p>\n","protected":false},"author":1,"featured_media":0,"parent":0,"menu_order":0,"comment_status":"closed","ping_status":"closed","template":"","meta":{"_acf_changed":false,"footnotes":""},"class_list":["post-178","page","type-page","status-publish","hentry"],"acf":[],"yoast_head":"<!-- This site is optimized with the Yoast SEO plugin v27.2 - https:\/\/yoast.com\/product\/yoast-seo-wordpress\/ -->\n<title>Zakup grunt\u00f3w - Your New Home<\/title>\n<meta name=\"robots\" content=\"noindex, follow, max-snippet:-1, max-image-preview:large, max-video-preview:-1\" \/>\n<meta property=\"og:locale\" content=\"pl_PL\" \/>\n<meta property=\"og:type\" content=\"article\" \/>\n<meta property=\"og:title\" content=\"Zakup grunt\u00f3w - Your New Home\" \/>\n<meta property=\"og:description\" content=\"Interesuje nas zakup grunt\u00f3w z przeznaczeniem pod przysz\u0142e inwestycje.\" \/>\n<meta property=\"og:url\" content=\"https:\/\/srv92108.seohost.com.pl\/yournewhome\/zakup-gruntow\/\" \/>\n<meta property=\"og:site_name\" content=\"Your New Home\" \/>\n<meta property=\"article:modified_time\" content=\"2026-03-24T11:43:05+00:00\" \/>\n<meta name=\"twitter:card\" content=\"summary_large_image\" \/>\n<meta name=\"twitter:label1\" content=\"Szacowany czas czytania\" \/>\n\t<meta name=\"twitter:data1\" content=\"1 minuta\" \/>\n<script type=\"application\/ld+json\" class=\"yoast-schema-graph\">{\"@context\":\"https:\/\/schema.org\",\"@graph\":[{\"@type\":\"WebPage\",\"@id\":\"https:\/\/srv92108.seohost.com.pl\/yournewhome\/zakup-gruntow\/\",\"url\":\"https:\/\/srv92108.seohost.com.pl\/yournewhome\/zakup-gruntow\/\",\"name\":\"Zakup grunt\u00f3w - Your New Home\",\"isPartOf\":{\"@id\":\"https:\/\/srv92108.seohost.com.pl\/yournewhome\/#website\"},\"datePublished\":\"2026-03-24T10:57:30+00:00\",\"dateModified\":\"2026-03-24T11:43:05+00:00\",\"breadcrumb\":{\"@id\":\"https:\/\/srv92108.seohost.com.pl\/yournewhome\/zakup-gruntow\/#breadcrumb\"},\"inLanguage\":\"pl-PL\",\"potentialAction\":[{\"@type\":\"ReadAction\",\"target\":[\"https:\/\/srv92108.seohost.com.pl\/yournewhome\/zakup-gruntow\/\"]}]},{\"@type\":\"BreadcrumbList\",\"@id\":\"https:\/\/srv92108.seohost.com.pl\/yournewhome\/zakup-gruntow\/#breadcrumb\",\"itemListElement\":[{\"@type\":\"ListItem\",\"position\":1,\"name\":\"Strona g\u0142\u00f3wna\",\"item\":\"https:\/\/srv92108.seohost.com.pl\/yournewhome\/\"},{\"@type\":\"ListItem\",\"position\":2,\"name\":\"Zakup grunt\u00f3w\"}]},{\"@type\":\"WebSite\",\"@id\":\"https:\/\/srv92108.seohost.com.pl\/yournewhome\/#website\",\"url\":\"https:\/\/srv92108.seohost.com.pl\/yournewhome\/\",\"name\":\"Your New Home\",\"description\":\"\",\"potentialAction\":[{\"@type\":\"SearchAction\",\"target\":{\"@type\":\"EntryPoint\",\"urlTemplate\":\"https:\/\/srv92108.seohost.com.pl\/yournewhome\/?s={search_term_string}\"},\"query-input\":{\"@type\":\"PropertyValueSpecification\",\"valueRequired\":true,\"valueName\":\"search_term_string\"}}],\"inLanguage\":\"pl-PL\"}]}<\/script>\n<!-- \/ Yoast SEO plugin. -->","yoast_head_json":{"title":"Zakup grunt\u00f3w - Your New Home","robots":{"index":"noindex","follow":"follow","max-snippet":"max-snippet:-1","max-image-preview":"max-image-preview:large","max-video-preview":"max-video-preview:-1"},"og_locale":"pl_PL","og_type":"article","og_title":"Zakup grunt\u00f3w - Your New Home","og_description":"Interesuje nas zakup grunt\u00f3w z przeznaczeniem pod przysz\u0142e inwestycje.","og_url":"https:\/\/srv92108.seohost.com.pl\/yournewhome\/zakup-gruntow\/","og_site_name":"Your New Home","article_modified_time":"2026-03-24T11:43:05+00:00","twitter_card":"summary_large_image","twitter_misc":{"Szacowany czas czytania":"1 minuta"},"schema":{"@context":"https:\/\/schema.org","@graph":[{"@type":"WebPage","@id":"https:\/\/srv92108.seohost.com.pl\/yournewhome\/zakup-gruntow\/","url":"https:\/\/srv92108.seohost.com.pl\/yournewhome\/zakup-gruntow\/","name":"Zakup grunt\u00f3w - Your New Home","isPartOf":{"@id":"https:\/\/srv92108.seohost.com.pl\/yournewhome\/#website"},"datePublished":"2026-03-24T10:57:30+00:00","dateModified":"2026-03-24T11:43:05+00:00","breadcrumb":{"@id":"https:\/\/srv92108.seohost.com.pl\/yournewhome\/zakup-gruntow\/#breadcrumb"},"inLanguage":"pl-PL","potentialAction":[{"@type":"ReadAction","target":["https:\/\/srv92108.seohost.com.pl\/yournewhome\/zakup-gruntow\/"]}]},{"@type":"BreadcrumbList","@id":"https:\/\/srv92108.seohost.com.pl\/yournewhome\/zakup-gruntow\/#breadcrumb","itemListElement":[{"@type":"ListItem","position":1,"name":"Strona g\u0142\u00f3wna","item":"https:\/\/srv92108.seohost.com.pl\/yournewhome\/"},{"@type":"ListItem","position":2,"name":"Zakup grunt\u00f3w"}]},{"@type":"WebSite","@id":"https:\/\/srv92108.seohost.com.pl\/yournewhome\/#website","url":"https:\/\/srv92108.seohost.com.pl\/yournewhome\/","name":"Your New Home","description":"","potentialAction":[{"@type":"SearchAction","target":{"@type":"EntryPoint","urlTemplate":"https:\/\/srv92108.seohost.com.pl\/yournewhome\/?s={search_term_string}"},"query-input":{"@type":"PropertyValueSpecification","valueRequired":true,"valueName":"search_term_string"}}],"inLanguage":"pl-PL"}]}},"_links":{"self":[{"href":"https:\/\/srv92108.seohost.com.pl\/yournewhome\/wp-json\/wp\/v2\/pages\/178","targetHints":{"allow":["GET"]}}],"collection":[{"href":"https:\/\/srv92108.seohost.com.pl\/yournewhome\/wp-json\/wp\/v2\/pages"}],"about":[{"href":"https:\/\/srv92108.seohost.com.pl\/yournewhome\/wp-json\/wp\/v2\/types\/page"}],"author":[{"embeddable":true,"href":"https:\/\/srv92108.seohost.com.pl\/yournewhome\/wp-json\/wp\/v2\/users\/1"}],"replies":[{"embeddable":true,"href":"https:\/\/srv92108.seohost.com.pl\/yournewhome\/wp-json\/wp\/v2\/comments?post=178"}],"version-history":[{"count":6,"href":"https:\/\/srv92108.seohost.com.pl\/yournewhome\/wp-json\/wp\/v2\/pages\/178\/revisions"}],"predecessor-version":[{"id":196,"href":"https:\/\/srv92108.seohost.com.pl\/yournewhome\/wp-json\/wp\/v2\/pages\/178\/revisions\/196"}],"wp:attachment":[{"href":"https:\/\/srv92108.seohost.com.pl\/yournewhome\/wp-json\/wp\/v2\/media?parent=178"}],"curies":[{"name":"wp","href":"https:\/\/api.w.org\/{rel}","templated":true}]}}